{"id":78,"date":"2022-10-04T09:26:48","date_gmt":"2022-10-04T12:26:48","guid":{"rendered":"https:\/\/renoveodontologia.com.br\/vitoriaes\/?page_id=78"},"modified":"2025-12-01T21:36:22","modified_gmt":"2025-12-02T00:36:22","slug":"dentista","status":"publish","type":"page","link":"https:\/\/renoveodontologia.com.br\/vitoriaes\/dentista\/","title":{"rendered":"Dentista"},"content":{"rendered":"<h1>Odontologia e Est\u00e9tica em Vit\u00f3ria &#8211; ES<\/h1>\n<p>&nbsp;<\/p>\n<h3 style=\"text-align: center;\"><strong><span style=\"color: #ff0000;\">Estes textos \u00e9 apenas para efeito de SEO e n\u00e3o aparecem no site.<\/span><\/strong><\/h3>\n<p>&nbsp;<\/p>\n<p>Do mesmo modo a Renove Odontologia e Est\u00e9tica \u00e9 uma Cl\u00ednica Odontol\u00f3gica localizada em Jardim Camburi, Vit\u00f3ria\/ES, especializada na Odontologia Digital. Desde 2015 vem promovendo um atendimento humanizado que te faz sentir especial, e claro, entregando sorrisos lindos e levando sa\u00fade e bem estar aos seus clientes.<\/p>\n<p>&nbsp;<\/p>\n<p>O nome Renove foi escolhido pelo seu pr\u00f3prio significado: renove, reforme, repare, regenere, revigore seu sorriso, sua sa\u00fade, sua auto estima, suas oportunidades de vida!<\/p>\n<p>&nbsp;<\/p>\n<p>O s\u00edmbolo Renove transmite nossa ess\u00eancia que \u00e9 a busca pelas novidades, estudos, novas tecnologias e estar em movimento e renovado para proporcionar o melhor atendimento aos nossos clientes. Ent\u00e3o vamos juntos na busca pelo seu melhor sorriso, tendo a sua melhor experi\u00eancia!<\/p>\n<p>&nbsp;<\/p>\n<p>Bem como, Contudo, Juntamente com, Em outras palavras;<\/p>\n<p>&nbsp;<\/p>\n<p>O iTero \u00e9 um sistema de escaneamento intraoral 5D que pode ser feito em qualquer pessoa e idade. E Assim como, al\u00e9m da excel\u00eancia profissional:<\/p>\n<p>&nbsp;<\/p>\n<p><b>Com o Escaneamento fazemos:<\/b><br \/>\n&#8211; Simula\u00e7\u00e3o do sorriso perfeito;<br \/>\n&#8211; Ortodontia digital com Invisalign;<\/p>\n<p>&#8211; Avalia\u00e7\u00e3o de c\u00e1ries sem radiografias;<br \/>\n&#8211; Acompanhamento das modifica\u00e7\u00f5es nos dentes (bruxismo e movimenta\u00e7\u00e3o);<br \/>\n&#8211; Acompanhamento de perda gengival;<\/p>\n<p>&#8211; N\u00e3o precisa usar as massas nas moldagens para trabalhos de laborat\u00f3rio (pr\u00f3teses);<br \/>\n&#8211; O Escaneamento fica na nuvem por 20 anos, podendo ser usado a qualquer momento.<\/p>\n<p>&nbsp;<\/p>\n<p>&nbsp;<\/p>\n<p>Na Renove contamos com uma <a href=\"https:\/\/api.whatsapp.com\/send\/?phone=5527995278122&amp;text=Ol%C3%A1%21+Gostaria+de+maiores+informa%C3%A7%C3%B5es.+%28Site+Renove+Odontologia%29.&amp;app_absent=0\" target=\"_blank\" rel=\"noopener\">equipe<\/a> super capacitada e especializada para te atender em todas as \u00e1reas da Odontologia:\u00a0 Al\u00e9m disso, Juntamente com, Ortodontia, Alinhadores Invisalign, Facetas e Lentes, Cirurgias, Implantes, Cl\u00ednica Geral e Harmoniza\u00e7\u00e3o Orofacial.<\/p>\n<p>&nbsp;<\/p>\n<p>Al\u00e9m disso, atuamos com a Odontologia Digital com o Scanner iTero 5D.<\/p>\n<p>&nbsp;<\/p>\n<p><img loading=\"lazy\" class=\"aligncenter wp-image-44 size-medium\" src=\"https:\/\/i0.wp.com\/renoveodontologia.com.br\/vitoriaes\/wp-content\/uploads\/2022\/09\/Proteses-e-Lentes-de-Contato-dentario-renoveodontologia-1.png?resize=300%2C290&#038;ssl=1\" alt=\"Odontologia e Est\u00e9tica em Vit\u00f3ria - ES\" width=\"300\" height=\"290\" srcset=\"https:\/\/i0.wp.com\/renoveodontologia.com.br\/vitoriaes\/wp-content\/uploads\/2022\/09\/Proteses-e-Lentes-de-Contato-dentario-renoveodontologia-1.png?resize=300%2C290&amp;ssl=1 300w, https:\/\/i0.wp.com\/renoveodontologia.com.br\/vitoriaes\/wp-content\/uploads\/2022\/09\/Proteses-e-Lentes-de-Contato-dentario-renoveodontologia-1.png?resize=151%2C146&amp;ssl=1 151w, https:\/\/i0.wp.com\/renoveodontologia.com.br\/vitoriaes\/wp-content\/uploads\/2022\/09\/Proteses-e-Lentes-de-Contato-dentario-renoveodontologia-1.png?resize=50%2C48&amp;ssl=1 50w, https:\/\/i0.wp.com\/renoveodontologia.com.br\/vitoriaes\/wp-content\/uploads\/2022\/09\/Proteses-e-Lentes-de-Contato-dentario-renoveodontologia-1.png?resize=78%2C75&amp;ssl=1 78w, https:\/\/i0.wp.com\/renoveodontologia.com.br\/vitoriaes\/wp-content\/uploads\/2022\/09\/Proteses-e-Lentes-de-Contato-dentario-renoveodontologia-1.png?w=440&amp;ssl=1 440w\" sizes=\"(max-width: 300px) 100vw, 300px\" data-recalc-dims=\"1\" \/><\/p>\n<p><img loading=\"lazy\" class=\"aligncenter wp-image-43 size-medium\" src=\"https:\/\/i0.wp.com\/renoveodontologia.com.br\/vitoriaes\/wp-content\/uploads\/2022\/09\/clareamento-dentario-renoveodontologia-1.png?resize=300%2C290&#038;ssl=1\" alt=\"Odontologia e Est\u00e9tica em Vit\u00f3ria - ES\" width=\"300\" height=\"290\" srcset=\"https:\/\/i0.wp.com\/renoveodontologia.com.br\/vitoriaes\/wp-content\/uploads\/2022\/09\/clareamento-dentario-renoveodontologia-1.png?resize=300%2C290&amp;ssl=1 300w, https:\/\/i0.wp.com\/renoveodontologia.com.br\/vitoriaes\/wp-content\/uploads\/2022\/09\/clareamento-dentario-renoveodontologia-1.png?resize=151%2C146&amp;ssl=1 151w, https:\/\/i0.wp.com\/renoveodontologia.com.br\/vitoriaes\/wp-content\/uploads\/2022\/09\/clareamento-dentario-renoveodontologia-1.png?resize=50%2C48&amp;ssl=1 50w, https:\/\/i0.wp.com\/renoveodontologia.com.br\/vitoriaes\/wp-content\/uploads\/2022\/09\/clareamento-dentario-renoveodontologia-1.png?resize=78%2C75&amp;ssl=1 78w, https:\/\/i0.wp.com\/renoveodontologia.com.br\/vitoriaes\/wp-content\/uploads\/2022\/09\/clareamento-dentario-renoveodontologia-1.png?w=440&amp;ssl=1 440w\" sizes=\"(max-width: 300px) 100vw, 300px\" data-recalc-dims=\"1\" \/><\/p>\n<p><img loading=\"lazy\" class=\"aligncenter wp-image-42 size-medium\" src=\"https:\/\/i0.wp.com\/renoveodontologia.com.br\/vitoriaes\/wp-content\/uploads\/2022\/09\/Aparelho-Fixo-renoveodontologia-1-1.png?resize=300%2C290&#038;ssl=1\" alt=\"Odontologia e Est\u00e9tica em Vit\u00f3ria - ES\" width=\"300\" height=\"290\" srcset=\"https:\/\/i0.wp.com\/renoveodontologia.com.br\/vitoriaes\/wp-content\/uploads\/2022\/09\/Aparelho-Fixo-renoveodontologia-1-1.png?resize=300%2C290&amp;ssl=1 300w, https:\/\/i0.wp.com\/renoveodontologia.com.br\/vitoriaes\/wp-content\/uploads\/2022\/09\/Aparelho-Fixo-renoveodontologia-1-1.png?resize=151%2C146&amp;ssl=1 151w, https:\/\/i0.wp.com\/renoveodontologia.com.br\/vitoriaes\/wp-content\/uploads\/2022\/09\/Aparelho-Fixo-renoveodontologia-1-1.png?resize=50%2C48&amp;ssl=1 50w, https:\/\/i0.wp.com\/renoveodontologia.com.br\/vitoriaes\/wp-content\/uploads\/2022\/09\/Aparelho-Fixo-renoveodontologia-1-1.png?resize=78%2C75&amp;ssl=1 78w, https:\/\/i0.wp.com\/renoveodontologia.com.br\/vitoriaes\/wp-content\/uploads\/2022\/09\/Aparelho-Fixo-renoveodontologia-1-1.png?w=440&amp;ssl=1 440w\" sizes=\"(max-width: 300px) 100vw, 300px\" data-recalc-dims=\"1\" \/><\/p>\n<p><img loading=\"lazy\" class=\"aligncenter wp-image-40 size-medium\" src=\"https:\/\/i0.wp.com\/renoveodontologia.com.br\/vitoriaes\/wp-content\/uploads\/2022\/09\/clinica-geral-dentaria-renoveodontologia.png?resize=300%2C290&#038;ssl=1\" alt=\"Odontologia e Est\u00e9tica em Vit\u00f3ria - ES\" width=\"300\" height=\"290\" srcset=\"https:\/\/i0.wp.com\/renoveodontologia.com.br\/vitoriaes\/wp-content\/uploads\/2022\/09\/clinica-geral-dentaria-renoveodontologia.png?resize=300%2C290&amp;ssl=1 300w, https:\/\/i0.wp.com\/renoveodontologia.com.br\/vitoriaes\/wp-content\/uploads\/2022\/09\/clinica-geral-dentaria-renoveodontologia.png?resize=151%2C146&amp;ssl=1 151w, https:\/\/i0.wp.com\/renoveodontologia.com.br\/vitoriaes\/wp-content\/uploads\/2022\/09\/clinica-geral-dentaria-renoveodontologia.png?resize=50%2C48&amp;ssl=1 50w, https:\/\/i0.wp.com\/renoveodontologia.com.br\/vitoriaes\/wp-content\/uploads\/2022\/09\/clinica-geral-dentaria-renoveodontologia.png?resize=78%2C75&amp;ssl=1 78w, https:\/\/i0.wp.com\/renoveodontologia.com.br\/vitoriaes\/wp-content\/uploads\/2022\/09\/clinica-geral-dentaria-renoveodontologia.png?w=440&amp;ssl=1 440w\" sizes=\"(max-width: 300px) 100vw, 300px\" data-recalc-dims=\"1\" \/><\/p>\n<p><img loading=\"lazy\" class=\"aligncenter wp-image-38 size-medium\" src=\"https:\/\/i0.wp.com\/renoveodontologia.com.br\/vitoriaes\/wp-content\/uploads\/2022\/09\/aparelho-digital-invisalign-dentario-renoveodontologia.png?resize=300%2C290&#038;ssl=1\" alt=\"Odontologia e Est\u00e9tica em Vit\u00f3ria - ES\" width=\"300\" height=\"290\" srcset=\"https:\/\/i0.wp.com\/renoveodontologia.com.br\/vitoriaes\/wp-content\/uploads\/2022\/09\/aparelho-digital-invisalign-dentario-renoveodontologia.png?resize=300%2C290&amp;ssl=1 300w, https:\/\/i0.wp.com\/renoveodontologia.com.br\/vitoriaes\/wp-content\/uploads\/2022\/09\/aparelho-digital-invisalign-dentario-renoveodontologia.png?resize=151%2C146&amp;ssl=1 151w, https:\/\/i0.wp.com\/renoveodontologia.com.br\/vitoriaes\/wp-content\/uploads\/2022\/09\/aparelho-digital-invisalign-dentario-renoveodontologia.png?resize=50%2C48&amp;ssl=1 50w, https:\/\/i0.wp.com\/renoveodontologia.com.br\/vitoriaes\/wp-content\/uploads\/2022\/09\/aparelho-digital-invisalign-dentario-renoveodontologia.png?resize=78%2C75&amp;ssl=1 78w, https:\/\/i0.wp.com\/renoveodontologia.com.br\/vitoriaes\/wp-content\/uploads\/2022\/09\/aparelho-digital-invisalign-dentario-renoveodontologia.png?w=440&amp;ssl=1 440w\" sizes=\"(max-width: 300px) 100vw, 300px\" data-recalc-dims=\"1\" \/><\/p>\n<h3 style=\"text-align: center;\">Odontologia e Est\u00e9tica em Vit\u00f3ria &#8211; ES<\/h3>\n<p>&nbsp;<\/p>\n<div class=\"column mcb-column mcb-item-5lo2offpa one column_column\">\n<div class=\"column_attr clearfix align_center\">\n<h4>Rua Sesostres Andrade, 90, Loja 3 | Jardim Camburi, Vit\u00f3ria &#8211; ES | CEP: 29090-845<\/h4>\n<\/div>\n<\/div>\n<div class=\"column mcb-column mcb-item-sdwgh424j one column_map\">\n<div class=\"google-map-wrapper no_border\">\n<div id=\"google-map-area-632c60412ffce\" class=\"google-map\">\n<div>\n<div class=\"gm-style\">\n<div><\/div>\n<div tabindex=\"0\" role=\"region\" aria-label=\"Mapa\" aria-roledescription=\"mapa\">\n<div>\n<div>\n<div>\n<div>\n<div>\n<p>\u201c\u00c9 mais f\u00e1cil obter o que se deseja com um sorriso do que \u00e0 ponta da espada\u201d (William Shakespeare)<\/p>\n<p>\u201cPouca coisa \u00e9 necess\u00e1ria para transformar inteiramente uma vida: amor no cora\u00e7\u00e3o e sorriso nos l\u00e1bios\u201d (Martin Luther King)<\/p>\n<p>&nbsp;<\/p>\n<p>Bem como;<\/p>\n<p>\u201cMuita coisa que ontem parecia importante ou significativa, amanh\u00e3 virar\u00e1 p\u00f3 no filtro da mem\u00f3ria. Mas o sorriso (\u2026) ah, esse resistir\u00e1 a todas as ciladas do tempo\u201d (Caio Fernando Abreu)<\/p>\n<p>Igualmente;<\/p>\n<p>\u201cO sorriso \u00e9 o seu cart\u00e3o de visitas. Lembre-se que voc\u00ea vai com ele aonde for\u201d (Desconhecido)<\/p>\n<\/div>\n<p>Sob o mesmo ponto de vista;<\/p>\n<div>\n<p>\u201cVamos sempre nos encontrar com um sorriso, pois o sorriso \u00e9 o come\u00e7o do amor\u201d (Madre Teresa)<\/p>\n<\/div>\n<\/div>\n<\/div>\n<\/div>\n<\/div>\n<\/div>\n<\/div>\n<\/div>\n<\/div>\n<\/div>\n<\/div>\n<p>&nbsp;<\/p>\n<p><a href=\"https:\/\/www.instagram.com\/dra_gabi_oliveiraperuch\/\" target=\"_blank\" rel=\"noopener\">Instagram<\/a>\u00a0 \u00a0<a href=\"https:\/\/api.whatsapp.com\/send\/?phone=5527995278122&amp;text=Ol%C3%A1%21+Gostaria+de+maiores+informa%C3%A7%C3%B5es.+%28Site+Renove+Odontologia%29.&amp;app_absent=0\" target=\"_blank\" rel=\"noopener\">WhatsApp\u00a0<\/a> \u00a0 <a href=\"https:\/\/www.facebook.com\/renoveodontologiaestetica\/\" target=\"_blank\" rel=\"noopener\">Facebook<\/a><\/p>\n","protected":false},"excerpt":{"rendered":"<p>Odontologia e Est\u00e9tica em Vit\u00f3ria &#8211; ES &nbsp; Estes textos \u00e9 apenas para efeito de SEO e n\u00e3o aparecem no site. &nbsp; Do mesmo modo a<span class=\"excerpt-hellip\"> [\u2026]<\/span><\/p>\n","protected":false},"author":1,"featured_media":0,"parent":0,"menu_order":0,"comment_status":"closed","ping_status":"closed","template":"","meta":[],"yoast_head":"<!-- This site is optimized with the Yoast SEO Premium plugin v18.7 (Yoast SEO v19.0) - https:\/\/yoast.com\/wordpress\/plugins\/seo\/ -->\n<title>Dentista - Renove Odontologia e Est\u00e9tica<\/title>\n<meta name=\"description\" content=\"Renove Odontologia e Est\u00e9tica \u00e9 uma Cl\u00ednica Odontol\u00f3gica localizada em Jardim Camburi, Vit\u00f3ria\/ES, especializada na Odontologia Digital.\" \/>\n<meta name=\"robots\" content=\"index, follow, max-snippet:-1, max-image-preview:large, max-video-preview:-1\" \/>\n<link rel=\"canonical\" href=\"https:\/\/renoveodontologia.com.br\/vitoriaes\/dentista\/\" \/>\n<meta property=\"og:locale\" content=\"pt_BR\" \/>\n<meta property=\"og:type\" content=\"article\" \/>\n<meta property=\"og:title\" content=\"Dentista\" \/>\n<meta property=\"og:description\" content=\"Renove Odontologia e Est\u00e9tica \u00e9 uma Cl\u00ednica Odontol\u00f3gica localizada em Jardim Camburi, Vit\u00f3ria\/ES, especializada na Odontologia Digital.\" \/>\n<meta property=\"og:url\" content=\"https:\/\/renoveodontologia.com.br\/vitoriaes\/dentista\/\" \/>\n<meta property=\"og:site_name\" content=\"Renove Odontologia e Est\u00e9tica\" \/>\n<meta property=\"article:publisher\" content=\"https:\/\/www.facebook.com\/renoveodontologiaestetica\/\" \/>\n<meta property=\"article:modified_time\" content=\"2025-12-02T00:36:22+00:00\" \/>\n<meta property=\"og:image\" content=\"https:\/\/renoveodontologia.com.br\/vitoriaes\/wp-content\/uploads\/2022\/09\/Proteses-e-Lentes-de-Contato-dentario-renoveodontologia-1-300x290.png\" \/>\n<meta name=\"twitter:card\" content=\"summary_large_image\" \/>\n<meta name=\"twitter:label1\" content=\"Est. tempo de leitura\" \/>\n\t<meta name=\"twitter:data1\" content=\"4 minutos\" \/>\n<script type=\"application\/ld+json\" class=\"yoast-schema-graph\">{\"@context\":\"https:\/\/schema.org\",\"@graph\":[{\"@type\":\"Organization\",\"@id\":\"https:\/\/renoveodontologia.com.br\/vitoriaes\/#organization\",\"name\":\"Renove Odontologia e Est\u00e9tica\",\"url\":\"https:\/\/renoveodontologia.com.br\/vitoriaes\/\",\"sameAs\":[\"https:\/\/www.instagram.com\/dra_gabi_oliveiraperuch\/\",\"https:\/\/www.facebook.com\/renoveodontologiaestetica\/\"],\"logo\":{\"@type\":\"ImageObject\",\"inLanguage\":\"pt-BR\",\"@id\":\"https:\/\/renoveodontologia.com.br\/vitoriaes\/#\/schema\/logo\/image\/\",\"url\":\"https:\/\/i0.wp.com\/renoveodontologia.com.br\/vitoriaes\/wp-content\/uploads\/2022\/09\/logohorizontal_dentista_renove_vitoria_jardim_camburi2-1-1.png?fit=332%2C153&ssl=1\",\"contentUrl\":\"https:\/\/i0.wp.com\/renoveodontologia.com.br\/vitoriaes\/wp-content\/uploads\/2022\/09\/logohorizontal_dentista_renove_vitoria_jardim_camburi2-1-1.png?fit=332%2C153&ssl=1\",\"width\":332,\"height\":153,\"caption\":\"Renove Odontologia e Est\u00e9tica\"},\"image\":{\"@id\":\"https:\/\/renoveodontologia.com.br\/vitoriaes\/#\/schema\/logo\/image\/\"}},{\"@type\":\"WebSite\",\"@id\":\"https:\/\/renoveodontologia.com.br\/vitoriaes\/#website\",\"url\":\"https:\/\/renoveodontologia.com.br\/vitoriaes\/\",\"name\":\"Renove Odontologia e Est\u00e9tica\",\"description\":\"Renove Odontologia e Est\u00e9tica\",\"publisher\":{\"@id\":\"https:\/\/renoveodontologia.com.br\/vitoriaes\/#organization\"},\"potentialAction\":[{\"@type\":\"SearchAction\",\"target\":{\"@type\":\"EntryPoint\",\"urlTemplate\":\"https:\/\/renoveodontologia.com.br\/vitoriaes\/?s={search_term_string}\"},\"query-input\":\"required name=search_term_string\"}],\"inLanguage\":\"pt-BR\"},{\"@type\":\"ImageObject\",\"inLanguage\":\"pt-BR\",\"@id\":\"https:\/\/renoveodontologia.com.br\/vitoriaes\/dentista\/#primaryimage\",\"url\":\"https:\/\/i0.wp.com\/renoveodontologia.com.br\/vitoriaes\/wp-content\/uploads\/2022\/09\/Proteses-e-Lentes-de-Contato-dentario-renoveodontologia-1.png?fit=440%2C425&ssl=1\",\"contentUrl\":\"https:\/\/i0.wp.com\/renoveodontologia.com.br\/vitoriaes\/wp-content\/uploads\/2022\/09\/Proteses-e-Lentes-de-Contato-dentario-renoveodontologia-1.png?fit=440%2C425&ssl=1\",\"width\":440,\"height\":425},{\"@type\":\"WebPage\",\"@id\":\"https:\/\/renoveodontologia.com.br\/vitoriaes\/dentista\/#webpage\",\"url\":\"https:\/\/renoveodontologia.com.br\/vitoriaes\/dentista\/\",\"name\":\"Dentista - Renove Odontologia e Est\u00e9tica\",\"isPartOf\":{\"@id\":\"https:\/\/renoveodontologia.com.br\/vitoriaes\/#website\"},\"primaryImageOfPage\":{\"@id\":\"https:\/\/renoveodontologia.com.br\/vitoriaes\/dentista\/#primaryimage\"},\"datePublished\":\"2022-10-04T12:26:48+00:00\",\"dateModified\":\"2025-12-02T00:36:22+00:00\",\"description\":\"Renove Odontologia e Est\u00e9tica \u00e9 uma Cl\u00ednica Odontol\u00f3gica localizada em Jardim Camburi, Vit\u00f3ria\/ES, especializada na Odontologia Digital.\",\"breadcrumb\":{\"@id\":\"https:\/\/renoveodontologia.com.br\/vitoriaes\/dentista\/#breadcrumb\"},\"inLanguage\":\"pt-BR\",\"potentialAction\":[{\"@type\":\"ReadAction\",\"target\":[\"https:\/\/renoveodontologia.com.br\/vitoriaes\/dentista\/\"]}]},{\"@type\":\"BreadcrumbList\",\"@id\":\"https:\/\/renoveodontologia.com.br\/vitoriaes\/dentista\/#breadcrumb\",\"itemListElement\":[{\"@type\":\"ListItem\",\"position\":1,\"name\":\"In\u00edcio\",\"item\":\"https:\/\/renoveodontologia.com.br\/vitoriaes\/\"},{\"@type\":\"ListItem\",\"position\":2,\"name\":\"Dentista\"}]}]}<\/script>\n<!-- \/ Yoast SEO Premium plugin. -->","yoast_head_json":{"title":"Dentista - Renove Odontologia e Est\u00e9tica","description":"Renove Odontologia e Est\u00e9tica \u00e9 uma Cl\u00ednica Odontol\u00f3gica localizada em Jardim Camburi, Vit\u00f3ria\/ES, especializada na Odontologia Digital.","robots":{"index":"index","follow":"follow","max-snippet":"max-snippet:-1","max-image-preview":"max-image-preview:large","max-video-preview":"max-video-preview:-1"},"canonical":"https:\/\/renoveodontologia.com.br\/vitoriaes\/dentista\/","og_locale":"pt_BR","og_type":"article","og_title":"Dentista","og_description":"Renove Odontologia e Est\u00e9tica \u00e9 uma Cl\u00ednica Odontol\u00f3gica localizada em Jardim Camburi, Vit\u00f3ria\/ES, especializada na Odontologia Digital.","og_url":"https:\/\/renoveodontologia.com.br\/vitoriaes\/dentista\/","og_site_name":"Renove Odontologia e Est\u00e9tica","article_publisher":"https:\/\/www.facebook.com\/renoveodontologiaestetica\/","article_modified_time":"2025-12-02T00:36:22+00:00","og_image":[{"url":"https:\/\/renoveodontologia.com.br\/vitoriaes\/wp-content\/uploads\/2022\/09\/Proteses-e-Lentes-de-Contato-dentario-renoveodontologia-1-300x290.png"}],"twitter_card":"summary_large_image","twitter_misc":{"Est. tempo de leitura":"4 minutos"},"schema":{"@context":"https:\/\/schema.org","@graph":[{"@type":"Organization","@id":"https:\/\/renoveodontologia.com.br\/vitoriaes\/#organization","name":"Renove Odontologia e Est\u00e9tica","url":"https:\/\/renoveodontologia.com.br\/vitoriaes\/","sameAs":["https:\/\/www.instagram.com\/dra_gabi_oliveiraperuch\/","https:\/\/www.facebook.com\/renoveodontologiaestetica\/"],"logo":{"@type":"ImageObject","inLanguage":"pt-BR","@id":"https:\/\/renoveodontologia.com.br\/vitoriaes\/#\/schema\/logo\/image\/","url":"https:\/\/i0.wp.com\/renoveodontologia.com.br\/vitoriaes\/wp-content\/uploads\/2022\/09\/logohorizontal_dentista_renove_vitoria_jardim_camburi2-1-1.png?fit=332%2C153&ssl=1","contentUrl":"https:\/\/i0.wp.com\/renoveodontologia.com.br\/vitoriaes\/wp-content\/uploads\/2022\/09\/logohorizontal_dentista_renove_vitoria_jardim_camburi2-1-1.png?fit=332%2C153&ssl=1","width":332,"height":153,"caption":"Renove Odontologia e Est\u00e9tica"},"image":{"@id":"https:\/\/renoveodontologia.com.br\/vitoriaes\/#\/schema\/logo\/image\/"}},{"@type":"WebSite","@id":"https:\/\/renoveodontologia.com.br\/vitoriaes\/#website","url":"https:\/\/renoveodontologia.com.br\/vitoriaes\/","name":"Renove Odontologia e Est\u00e9tica","description":"Renove Odontologia e Est\u00e9tica","publisher":{"@id":"https:\/\/renoveodontologia.com.br\/vitoriaes\/#organization"},"potentialAction":[{"@type":"SearchAction","target":{"@type":"EntryPoint","urlTemplate":"https:\/\/renoveodontologia.com.br\/vitoriaes\/?s={search_term_string}"},"query-input":"required name=search_term_string"}],"inLanguage":"pt-BR"},{"@type":"ImageObject","inLanguage":"pt-BR","@id":"https:\/\/renoveodontologia.com.br\/vitoriaes\/dentista\/#primaryimage","url":"https:\/\/i0.wp.com\/renoveodontologia.com.br\/vitoriaes\/wp-content\/uploads\/2022\/09\/Proteses-e-Lentes-de-Contato-dentario-renoveodontologia-1.png?fit=440%2C425&ssl=1","contentUrl":"https:\/\/i0.wp.com\/renoveodontologia.com.br\/vitoriaes\/wp-content\/uploads\/2022\/09\/Proteses-e-Lentes-de-Contato-dentario-renoveodontologia-1.png?fit=440%2C425&ssl=1","width":440,"height":425},{"@type":"WebPage","@id":"https:\/\/renoveodontologia.com.br\/vitoriaes\/dentista\/#webpage","url":"https:\/\/renoveodontologia.com.br\/vitoriaes\/dentista\/","name":"Dentista - Renove Odontologia e Est\u00e9tica","isPartOf":{"@id":"https:\/\/renoveodontologia.com.br\/vitoriaes\/#website"},"primaryImageOfPage":{"@id":"https:\/\/renoveodontologia.com.br\/vitoriaes\/dentista\/#primaryimage"},"datePublished":"2022-10-04T12:26:48+00:00","dateModified":"2025-12-02T00:36:22+00:00","description":"Renove Odontologia e Est\u00e9tica \u00e9 uma Cl\u00ednica Odontol\u00f3gica localizada em Jardim Camburi, Vit\u00f3ria\/ES, especializada na Odontologia Digital.","breadcrumb":{"@id":"https:\/\/renoveodontologia.com.br\/vitoriaes\/dentista\/#breadcrumb"},"inLanguage":"pt-BR","potentialAction":[{"@type":"ReadAction","target":["https:\/\/renoveodontologia.com.br\/vitoriaes\/dentista\/"]}]},{"@type":"BreadcrumbList","@id":"https:\/\/renoveodontologia.com.br\/vitoriaes\/dentista\/#breadcrumb","itemListElement":[{"@type":"ListItem","position":1,"name":"In\u00edcio","item":"https:\/\/renoveodontologia.com.br\/vitoriaes\/"},{"@type":"ListItem","position":2,"name":"Dentista"}]}]}},"_links":{"self":[{"href":"https:\/\/renoveodontologia.com.br\/vitoriaes\/wp-json\/wp\/v2\/pages\/78"}],"collection":[{"href":"https:\/\/renoveodontologia.com.br\/vitoriaes\/wp-json\/wp\/v2\/pages"}],"about":[{"href":"https:\/\/renoveodontologia.com.br\/vitoriaes\/wp-json\/wp\/v2\/types\/page"}],"author":[{"embeddable":true,"href":"https:\/\/renoveodontologia.com.br\/vitoriaes\/wp-json\/wp\/v2\/users\/1"}],"replies":[{"embeddable":true,"href":"https:\/\/renoveodontologia.com.br\/vitoriaes\/wp-json\/wp\/v2\/comments?post=78"}],"version-history":[{"count":2,"href":"https:\/\/renoveodontologia.com.br\/vitoriaes\/wp-json\/wp\/v2\/pages\/78\/revisions"}],"predecessor-version":[{"id":89,"href":"https:\/\/renoveodontologia.com.br\/vitoriaes\/wp-json\/wp\/v2\/pages\/78\/revisions\/89"}],"wp:attachment":[{"href":"https:\/\/renoveodontologia.com.br\/vitoriaes\/wp-json\/wp\/v2\/media?parent=78"}],"curies":[{"name":"wp","href":"https:\/\/api.w.org\/{rel}","templated":true}]}}